{"id":172,"date":"2025-11-28T11:51:20","date_gmt":"2025-11-28T11:51:20","guid":{"rendered":"https:\/\/libra-productionhouse.vn\/?page_id=172"},"modified":"2025-11-28T12:04:11","modified_gmt":"2025-11-28T12:04:11","slug":"doi-tac","status":"publish","type":"page","link":"https:\/\/libra-productionhouse.vn\/index.php\/doi-tac\/","title":{"rendered":"\u0110\u1ed1i t\u00e1c"},"content":{"rendered":"\n<p>C\u00e1c \u0111\u1ed1i t\u00e1c c\u0169ng nh\u01b0 kh\u00e1ch h\u00e0ng m\u00e0 Libra \u0111\u00e3 h\u1ee3p t\u00e1c<\/p>\n","protected":false},"excerpt":{"rendered":"<p>C\u00e1c \u0111\u1ed1i t\u00e1c c\u0169ng nh\u01b0 kh\u00e1ch h\u00e0ng m\u00e0 Libra \u0111\u00e3 h\u1ee3p t\u00e1c<\/p>\n","protected":false},"author":1,"featured_media":0,"parent":0,"menu_order":0,"comment_status":"closed","ping_status":"closed","template":"","meta":{"footnotes":""},"class_list":["post-172","page","type-page","status-publish","hentry"],"_links":{"self":[{"href":"https:\/\/libra-productionhouse.vn\/index.php\/wp-json\/wp\/v2\/pages\/172","targetHints":{"allow":["GET"]}}],"collection":[{"href":"https:\/\/libra-productionhouse.vn\/index.php\/wp-json\/wp\/v2\/pages"}],"about":[{"href":"https:\/\/libra-productionhouse.vn\/index.php\/wp-json\/wp\/v2\/types\/page"}],"author":[{"embeddable":true,"href":"https:\/\/libra-productionhouse.vn\/index.php\/wp-json\/wp\/v2\/users\/1"}],"replies":[{"embeddable":true,"href":"https:\/\/libra-productionhouse.vn\/index.php\/wp-json\/wp\/v2\/comments?post=172"}],"version-history":[{"count":3,"href":"https:\/\/libra-productionhouse.vn\/index.php\/wp-json\/wp\/v2\/pages\/172\/revisions"}],"predecessor-version":[{"id":175,"href":"https:\/\/libra-productionhouse.vn\/index.php\/wp-json\/wp\/v2\/pages\/172\/revisions\/175"}],"wp:attachment":[{"href":"https:\/\/libra-productionhouse.vn\/index.php\/wp-json\/wp\/v2\/media?parent=172"}],"curies":[{"name":"wp","href":"https:\/\/api.w.org\/{rel}","templated":true}]}}